{"id":7668,"date":"2025-06-06T08:53:09","date_gmt":"2025-06-06T06:53:09","guid":{"rendered":"https:\/\/humans-first.ch\/?page_id=7668"},"modified":"2025-06-06T09:05:43","modified_gmt":"2025-06-06T07:05:43","slug":"pranic-healing","status":"publish","type":"page","link":"https:\/\/humans-first.ch\/it\/pranic-healing\/","title":{"rendered":"Pranic Healing\u00ae\ufe0f"},"content":{"rendered":"\t\t<div data-elementor-type=\"wp-page\" data-elementor-id=\"7668\" class=\"elementor elementor-7668\" data-elementor-post-type=\"page\">\n\t\t\t\t\t\t<section class=\"elementor-section elementor-top-section elementor-element elementor-element-9377492 elementor-section-height-min-height elementor-section-full_width elementor-section-height-default elementor-section-items-middle\" data-id=\"9377492\" data-element_type=\"section\" data-settings=\"{&quot;background_background&quot;:&quot;classic&quot;,&quot;background_motion_fx_motion_fx_scrolling&quot;:&quot;yes&quot;,&quot;background_motion_fx_translateY_effect&quot;:&quot;yes&quot;,&quot;background_motion_fx_translateY_speed&quot;:{&quot;unit&quot;:&quot;px&quot;,&quot;size&quot;:10,&quot;sizes&quot;:[]},&quot;background_motion_fx_range&quot;:&quot;page&quot;,&quot;background_motion_fx_translateY_affectedRange&quot;:{&quot;unit&quot;:&quot;%&quot;,&quot;size&quot;:&quot;&quot;,&quot;sizes&quot;:{&quot;start&quot;:0,&quot;end&quot;:100}},&quot;background_motion_fx_devices&quot;:[&quot;desktop&quot;,&quot;tablet&quot;,&quot;mobile&quot;]}\">\n\t\t\t\t\t\t\t<div class=\"elementor-background-overlay\"><\/div>\n\t\t\t\t\t\t\t<div class=\"elementor-container elementor-column-gap-default\">\n\t\t\t\t\t<div class=\"elementor-column elementor-col-100 elementor-top-column elementor-element elementor-element-95f6aa4 elementor-hidden-desktop elementor-hidden-tablet elementor-hidden-phone\" data-id=\"95f6aa4\" data-element_type=\"column\" data-settings=\"{&quot;background_background&quot;:&quot;classic&quot;}\">\n\t\t\t<div class=\"elementor-widget-wrap\">\n\t\t\t\t\t<div class=\"elementor-background-overlay\"><\/div>\n\t\t\t\t\t\t\t<\/div>\n\t\t<\/div>\n\t\t\t\t\t<\/div>\n\t\t<\/section>\n\t\t\t\t<section class=\"elementor-section elementor-top-section elementor-element elementor-element-86687de elementor-section-boxed elementor-section-height-default elementor-section-height-default\" data-id=\"86687de\" data-element_type=\"section\">\n\t\t\t\t\t\t<div class=\"elementor-container elementor-column-gap-default\">\n\t\t\t\t\t<div class=\"elementor-column elementor-col-100 elementor-top-column elementor-element elementor-element-a5a4538\" data-id=\"a5a4538\" data-element_type=\"column\">\n\t\t\t<div class=\"elementor-widget-wrap elementor-element-populated\">\n\t\t\t\t\t\t<div class=\"elementor-element elementor-element-3b75ae3 elementor-widget elementor-widget-text-editor\" data-id=\"3b75ae3\" data-element_type=\"widget\" data-widget_type=\"text-editor.default\">\n\t\t\t\t<div class=\"elementor-widget-container\">\n\t\t\t\t\t\t\t\t\t<h1 style=\"color: #7a7a7a;\">Che cos&#8217;\u00e8 il Pranic Healing\u00ae ?\ufe0f<\/h1>\n&nbsp;\n<p style=\"text-align: justify;\">Il Pranic Healing \u00e8 diventato rapidamente una delle terapie complementari pi\u00f9 diffuse al mondo ed \u00e8 praticato in oltre 120 Paesi. Rappresenta un notevole progresso nel campo delle terapie complementari scientificamente provate. I professionisti del settore medico, come medici, infermieri, psicologi e terapisti complementari, combinano il Pranic Healing con le terapie mediche e possono ottenere risultati sorprendenti.<\/p>\n<p style=\"text-align: justify;\">Il Pranic Healing combina in modo unico gli antichi sistemi di guarigione asiatici con i moderni principi scientifici e offre un nuovo approccio terapeutico per migliorare il benessere fisico e mentale. Questo metodo viene utilizzato da anni in vari ospedali e cliniche negli Stati Uniti, in Inghilterra, in Cile, in India e in altri Paesi.<\/p>\n<p style=\"text-align: justify;\">Il Pranic Healing \u00e8 senza contatto e lavora sul corpo energetico della persona con l&#8217;obiettivo di accelerare il naturale processo di autoguarigione e di alleviare il disagio e il dolore. Questo metodo si concentra sul miglioramento del flusso naturale di energia nel corpo e agisce sull&#8217;aura invisibile e sui chakra &#8211; i centri energetici.<\/p>\n<p style=\"text-align: justify;\">Il Pranic Healing \u00e8 stato sviluppato oltre 40 anni fa dal Master Choa Kok Sui. Era un uomo d&#8217;affari di successo, padre di quattro figli e, tra le altre cose, fondatore del Pranic Healing. Questa preziosa conoscenza viene insegnata in tutto il mondo, anche in <a href=\"https:\/\/humans-first.ch\/it\/squadra\/\"><strong>Pranic Healing in Svizzera<\/strong><\/a>, e ha gi\u00e0 aiutato migliaia di persone.<\/p>\n<br\/>\n<p style=\"text-align: justify;\"><strong>Perch\u00e9 dovrebbe scegliere i trattamenti di Pranic Healing in Svizzera con noi?<\/strong><\/p>\n<ul>\n \t<li style=\"text-align: left;\">Su misura: I nostri esperti guaritori di Pranic Healing adattano i trattamenti alle sue esigenze e ai suoi disturbi specifici. Utilizziamo protocolli di trattamento che sono stati testati a pi\u00f9 riprese.<\/li>\n \t<li style=\"text-align: left;\">Potenziamento energetico: l\u2019aiuto energetico aumenta la vitalit\u00e0 generale e accelera la rigenerazione e la guarigione.<\/li>\n \t<li style=\"text-align: left;\">Approccio olistico: il Pranic Healing affronta contemporaneamente gli aspetti fisici, emotivi e mentali. L&#8217;armonizzazione di questi aspetti crea una solida base per il recupero, che pu\u00f2 avvenire parallelamente ai trattamenti medici.<\/li>\n \t<li style=\"text-align: left;\">Partner esperto: da quasi 10 anni siamo un partner affidabile per il <strong>Pranic Healing in Svizzera<\/strong>, dove il nostro team pu\u00f2 vantare di oltre 50 anni di esperienza combinata con trattamenti di Pranic Healing. In India, abbiamo un team di terapisti che trattano molti clienti ogni giorno. La maggior parte di questi terapisti insegna il Pranic Healing a livello locale in India.<\/li>\n<\/ul>\n\n<br\/>\n<p style=\"text-align: justify;\">Molti dei nostri clienti si rivolgono al <strong>Pranic Healing in Svizzera<\/strong> dopo aver provato diversi metodi convenzionali senza ottenere risultati duraturi. Il nostro centro \u00e8 diventato un punto di riferimento affidabile per chi cerca un supporto energetico nel proprio percorso di guarigione.<\/p>\n<br\/>\n<p style=\"text-align: center;\"><strong>Trattiamo le seguenti aree, alcuni esempi:<\/strong><\/p>\t\t\t\t\t\t\t\t<\/div>\n\t\t\t\t<\/div>\n\t\t\t\t\t<\/div>\n\t\t<\/div>\n\t\t\t\t\t<\/div>\n\t\t<\/section>\n\t\t\t\t<section class=\"elementor-section elementor-top-section elementor-element elementor-element-4b6985a elementor-section-boxed elementor-section-height-default elementor-section-height-default\" data-id=\"4b6985a\" data-element_type=\"section\">\n\t\t\t\t\t\t<div class=\"elementor-container elementor-column-gap-default\">\n\t\t\t\t\t<div class=\"elementor-column elementor-col-50 elementor-top-column elementor-element elementor-element-ad3adbf\" data-id=\"ad3adbf\" data-element_type=\"column\" data-settings=\"{&quot;background_background&quot;:&quot;classic&quot;}\">\n\t\t\t<div class=\"elementor-widget-wrap elementor-element-populated\">\n\t\t\t\t\t\t<div class=\"elementor-element elementor-element-679af90 elementor-widget elementor-widget-image\" data-id=\"679af90\" data-element_type=\"widget\" data-widget_type=\"image.default\">\n\t\t\t\t<div class=\"elementor-widget-container\">\n\t\t\t\t\t\t\t\t\t\t\t\t\t\t\t<img fetchpriority=\"high\" decoding=\"async\" width=\"1536\" height=\"864\" src=\"https:\/\/humans-first.ch\/wp-content\/uploads\/2025\/06\/FF1.jpg\" class=\"attachment-full size-full wp-image-7611\" alt=\"\" srcset=\"https:\/\/humans-first.ch\/wp-content\/uploads\/2025\/06\/FF1.jpg 1536w, https:\/\/humans-first.ch\/wp-content\/uploads\/2025\/06\/FF1-300x169.jpg 300w, https:\/\/humans-first.ch\/wp-content\/uploads\/2025\/06\/FF1-1024x576.jpg 1024w, https:\/\/humans-first.ch\/wp-content\/uploads\/2025\/06\/FF1-768x432.jpg 768w\" sizes=\"(max-width: 1536px) 100vw, 1536px\" style=\"width:100%;height:56.25%;max-width:1536px\" \/>\t\t\t\t\t\t\t\t\t\t\t\t\t\t\t<\/div>\n\t\t\t\t<\/div>\n\t\t\t\t<div class=\"elementor-element elementor-element-5438493 elementor-widget elementor-widget-text-editor\" data-id=\"5438493\" data-element_type=\"widget\" data-widget_type=\"text-editor.default\">\n\t\t\t\t<div class=\"elementor-widget-container\">\n\t\t\t\t\t\t\t\t\t<p style=\"text-align: justify;\"><strong>Disturbi fisici:<\/strong><\/p>\n\n<ul>\n \t<li style=\"text-align: left;\">Malattie respiratorie: ad esempio tosse e tosse cronica, bronchite, polmonite, asma, ecc.<\/li>\n \t<li>Malattie del sangue: ad esempio, anemia.<\/li>\n \t<li style=\"text-align: left;\">Malattie dell\u2019apparato riproduttivo: mestruazioni dolorose, problemi di ciclo, cisti ovariche, problemi alla prostata e molto altro ancora.<\/li>\n \t<li style=\"text-align: left;\">Malattie endocrine: ad esempio, il diabete.<\/li>\n \t<li style=\"text-align: left;\">Malattie del cervello e del sistema nervoso: Parkinson, Alzheimer, sclerosi multipla e molte altre.<\/li>\n \t<li style=\"text-align: left;\">Malattie del sistema muscolare e scheletrico: ad esempio, ernia del disco, sciatica, gomito del tennista, lesioni sportive come fratture ossee, tendini lacerati, distorsioni, ecc.<\/li>\n \t<li style=\"text-align: left;\">Malattie dell&#8217;apparato digerente: stitichezza, diarrea, emorroidi, ecc.<\/li>\n \t<li style=\"text-align: left;\">Malattie dell&#8217;orecchio, del naso e della gola: degenerazione maculare, congiuntivite, otite media, acufene, mal di gola, ecc.<\/li>\n \t<li style=\"text-align: left;\">Malattie delle vie urinarie: cistite, calcoli renali, ecc.<\/li>\n \t<li style=\"text-align: left;\">Malattie della pelle: eczema, acne, psoriasi, allergie cutanee, ecc.<\/li>\n \t<li style=\"text-align: left;\">Malattie cardiovascolari: pressione alta, malattia coronarica, conseguenze di un ictus, ecc.<\/li>\n \t<li style=\"text-align: left;\">Sistema immunitario: il trattamento di varie infezioni virali o batteriche.<\/li>\n \t<li style=\"text-align: left;\">Cancro: supporto di accompagnamento durante la chemioterapia o la radioterapia, melanoma, vari disturbi oncologici come il cancro al seno, il cancro alle ghiandole linfatiche, il cancro ai polmoni e altri.<\/li>\n<\/ul>\t\t\t\t\t\t\t\t<\/div>\n\t\t\t\t<\/div>\n\t\t\t\t\t<\/div>\n\t\t<\/div>\n\t\t\t\t<div class=\"elementor-column elementor-col-50 elementor-top-column elementor-element elementor-element-6b5744b\" data-id=\"6b5744b\" data-element_type=\"column\" data-settings=\"{&quot;background_background&quot;:&quot;classic&quot;}\">\n\t\t\t<div class=\"elementor-widget-wrap elementor-element-populated\">\n\t\t\t\t\t\t<div class=\"elementor-element elementor-element-b750911 elementor-widget elementor-widget-image\" data-id=\"b750911\" data-element_type=\"widget\" data-widget_type=\"image.default\">\n\t\t\t\t<div class=\"elementor-widget-container\">\n\t\t\t\t\t\t\t\t\t\t\t\t\t\t\t<img decoding=\"async\" width=\"1536\" height=\"864\" src=\"https:\/\/humans-first.ch\/wp-content\/uploads\/2025\/06\/GTT.jpg\" class=\"attachment-full size-full wp-image-7615\" alt=\"\" srcset=\"https:\/\/humans-first.ch\/wp-content\/uploads\/2025\/06\/GTT.jpg 1536w, https:\/\/humans-first.ch\/wp-content\/uploads\/2025\/06\/GTT-300x169.jpg 300w, https:\/\/humans-first.ch\/wp-content\/uploads\/2025\/06\/GTT-1024x576.jpg 1024w, https:\/\/humans-first.ch\/wp-content\/uploads\/2025\/06\/GTT-768x432.jpg 768w\" sizes=\"(max-width: 1536px) 100vw, 1536px\" style=\"width:100%;height:56.25%;max-width:1536px\" \/>\t\t\t\t\t\t\t\t\t\t\t\t\t\t\t<\/div>\n\t\t\t\t<\/div>\n\t\t\t\t<div class=\"elementor-element elementor-element-c41c643 elementor-widget elementor-widget-text-editor\" data-id=\"c41c643\" data-element_type=\"widget\" data-widget_type=\"text-editor.default\">\n\t\t\t\t<div class=\"elementor-widget-container\">\n\t\t\t\t\t\t\t\t\t<p style=\"text-align: justify;\"><strong>Disturbi emotivi e mentali:<\/strong><\/p>\n\n<ul>\n \t<li style=\"text-align: left;\">Ansia e fobie: ad esempio, ansia da esame, paura dell&#8217;altezza, ecc.<\/li>\n \t<li style=\"text-align: left;\">Disturbi dello spettro autistico<\/li>\n \t<li style=\"text-align: left;\">Borderline<\/li>\n \t<li>Difficolt\u00e0 di concentrazione, ADD, ADHD<\/li>\n \t<li style=\"text-align: left;\">Nervosismo e insonnia<\/li>\n \t<li style=\"text-align: left;\">Stress, burnout: esaurimento fisico e mentale<\/li>\n \t<li style=\"text-align: left;\">e molto altro ancora.<\/li>\n<\/ul>\t\t\t\t\t\t\t\t<\/div>\n\t\t\t\t<\/div>\n\t\t\t\t\t<\/div>\n\t\t<\/div>\n\t\t\t\t\t<\/div>\n\t\t<\/section>\n\t\t\t\t<section class=\"elementor-section elementor-top-section elementor-element elementor-element-2b16ea1 elementor-section-boxed elementor-section-height-default elementor-section-height-default\" data-id=\"2b16ea1\" data-element_type=\"section\">\n\t\t\t\t\t\t<div class=\"elementor-container elementor-column-gap-default\">\n\t\t\t\t\t<div class=\"elementor-column elementor-col-100 elementor-top-column elementor-element elementor-element-9abe092\" data-id=\"9abe092\" data-element_type=\"column\">\n\t\t\t<div class=\"elementor-widget-wrap elementor-element-populated\">\n\t\t\t\t\t\t<div class=\"elementor-element elementor-element-6c0689b elementor-widget elementor-widget-text-editor\" data-id=\"6c0689b\" data-element_type=\"widget\" data-widget_type=\"text-editor.default\">\n\t\t\t\t<div class=\"elementor-widget-container\">\n\t\t\t\t\t\t\t\t\t<strong>Riferimenti e studi:<\/strong>\n<br\/>\n<a href=\"https:\/\/www.pranichealingresearch.com\/\">Istituto di ricerca per la guarigione pranica<\/a>\n<br\/>\n<a href=\"https:\/\/qpps.org\/studies\/\">Studio &#8211; Studi di Fisica Quantistica Prana (QPPS)<\/a>\n<br\/>\n<a href=\"https:\/\/www.frontiersin.org\/journals\/psychology\/articles\/10.3389\/fpsyg.2019.00647\/full\">Confini | La meditazione basata sulle emozioni positive, ma non la meditazione basata sulla consapevolezza, migliora la regolazione delle emozioni (frontiersin.org)<\/a>\t\t\t\t\t\t\t\t<\/div>\n\t\t\t\t<\/div>\n\t\t\t\t\t<\/div>\n\t\t<\/div>\n\t\t\t\t\t<\/div>\n\t\t<\/section>\n\t\t\t\t<section class=\"elementor-section elementor-top-section elementor-element elementor-element-83b0b48 elementor-section-height-min-height elementor-section-full_width elementor-section-height-default elementor-section-items-middle\" data-id=\"83b0b48\" data-element_type=\"section\" data-settings=\"{&quot;background_background&quot;:&quot;classic&quot;,&quot;background_motion_fx_motion_fx_scrolling&quot;:&quot;yes&quot;,&quot;background_motion_fx_translateY_effect&quot;:&quot;yes&quot;,&quot;background_motion_fx_translateY_speed&quot;:{&quot;unit&quot;:&quot;px&quot;,&quot;size&quot;:10,&quot;sizes&quot;:[]},&quot;background_motion_fx_translateY_affectedRange&quot;:{&quot;unit&quot;:&quot;%&quot;,&quot;size&quot;:&quot;&quot;,&quot;sizes&quot;:{&quot;start&quot;:0,&quot;end&quot;:100}},&quot;background_motion_fx_devices&quot;:[&quot;desktop&quot;,&quot;tablet&quot;,&quot;mobile&quot;]}\">\n\t\t\t\t\t\t\t<div class=\"elementor-background-overlay\"><\/div>\n\t\t\t\t\t\t\t<div class=\"elementor-container elementor-column-gap-default\">\n\t\t\t\t\t<div class=\"elementor-column elementor-col-100 elementor-top-column elementor-element elementor-element-60dc0d4 elementor-hidden-desktop elementor-hidden-tablet elementor-hidden-phone\" data-id=\"60dc0d4\" data-element_type=\"column\" data-settings=\"{&quot;background_background&quot;:&quot;classic&quot;}\">\n\t\t\t<div class=\"elementor-widget-wrap\">\n\t\t\t\t\t<div class=\"elementor-background-overlay\"><\/div>\n\t\t\t\t\t\t\t<\/div>\n\t\t<\/div>\n\t\t\t\t\t<\/div>\n\t\t<\/section>\n\t\t\t\t<\/div>\n\t\t","protected":false},"excerpt":{"rendered":"<p>Che cos&#8217;\u00e8 il Pranic Healing\u00ae ?\ufe0f &nbsp; Il Pranic Healing \u00e8 diventato rapidamente una delle terapie complementari pi\u00f9 diffuse al mondo ed \u00e8 praticato in oltre 120 Paesi. Rappresenta un notevole progresso nel campo delle terapie complementari scientificamente provate. I professionisti del settore medico, come medici, infermieri, psicologi e terapisti complementari, combinano il Pranic Healing&hellip; <a class=\"more-link\" href=\"https:\/\/humans-first.ch\/it\/pranic-healing\/\">Continua a leggere <span class=\"screen-reader-text\">Pranic Healing\u00ae\ufe0f<\/span><\/a><\/p>\n","protected":false},"author":2,"featured_media":0,"parent":0,"menu_order":0,"comment_status":"closed","ping_status":"closed","template":"elementor_header_footer","meta":{"footnotes":""},"class_list":["post-7668","page","type-page","status-publish","hentry","entry"],"yoast_head":"<!-- This site is optimized with the Yoast SEO plugin v26.8 - https:\/\/yoast.com\/product\/yoast-seo-wordpress\/ -->\n<title>Trattamento a distanza in Svizzera e in Italia | Humans First - Piattaforma Internazionale di Pranic Healing<\/title>\n<meta name=\"description\" content=\"Scopri Humans First, la tua piattaforma di riferimento per la guarigione a distanza in Svizzera e in Italia. Un miscuglio di precisione svizzera e di esperienza indiana nella guarigione pranica. Riserva online oggi!\" \/>\n<meta name=\"robots\" content=\"index, follow, max-snippet:-1, max-image-preview:large, max-video-preview:-1\" \/>\n<link rel=\"canonical\" href=\"https:\/\/humans-first.ch\/it\/pranic-healing\/\" \/>\n<meta property=\"og:locale\" content=\"it_IT\" \/>\n<meta property=\"og:type\" content=\"article\" \/>\n<meta property=\"og:title\" content=\"Trattamento a distanza in Svizzera e in Italia | Humans First - Piattaforma Internazionale di Pranic Healing\" \/>\n<meta property=\"og:description\" content=\"Scopri Humans First, la tua piattaforma di riferimento per la guarigione a distanza in Svizzera e in Italia. Un miscuglio di precisione svizzera e di esperienza indiana nella guarigione pranica. Riserva online oggi!\" \/>\n<meta property=\"og:url\" content=\"https:\/\/humans-first.ch\/it\/pranic-healing\/\" \/>\n<meta property=\"og:site_name\" content=\"Humans First\" \/>\n<meta property=\"article:modified_time\" content=\"2025-06-06T07:05:43+00:00\" \/>\n<meta property=\"og:image\" content=\"https:\/\/humans-first.ch\/wp-content\/uploads\/2025\/06\/FF1.jpg\" \/>\n\t<meta property=\"og:image:width\" content=\"1536\" \/>\n\t<meta property=\"og:image:height\" content=\"864\" \/>\n\t<meta property=\"og:image:type\" content=\"image\/jpeg\" \/>\n<meta name=\"twitter:card\" content=\"summary_large_image\" \/>\n<meta name=\"twitter:label1\" content=\"Tempo di lettura stimato\" \/>\n\t<meta name=\"twitter:data1\" content=\"4 minuti\" \/>\n<script type=\"application\/ld+json\" class=\"yoast-schema-graph\">{\"@context\":\"https:\/\/schema.org\",\"@graph\":[{\"@type\":\"WebPage\",\"@id\":\"https:\/\/humans-first.ch\/it\/pranic-healing\/\",\"url\":\"https:\/\/humans-first.ch\/it\/pranic-healing\/\",\"name\":\"Trattamento a distanza in Svizzera e in Italia | Humans First - Piattaforma Internazionale di Pranic Healing\",\"isPartOf\":{\"@id\":\"https:\/\/humans-first.ch\/it\/#website\"},\"primaryImageOfPage\":{\"@id\":\"https:\/\/humans-first.ch\/it\/pranic-healing\/#primaryimage\"},\"image\":{\"@id\":\"https:\/\/humans-first.ch\/it\/pranic-healing\/#primaryimage\"},\"thumbnailUrl\":\"https:\/\/humans-first.ch\/wp-content\/uploads\/2025\/06\/FF1.jpg\",\"datePublished\":\"2025-06-06T06:53:09+00:00\",\"dateModified\":\"2025-06-06T07:05:43+00:00\",\"description\":\"Scopri Humans First, la tua piattaforma di riferimento per la guarigione a distanza in Svizzera e in Italia. Un miscuglio di precisione svizzera e di esperienza indiana nella guarigione pranica. Riserva online oggi!\",\"breadcrumb\":{\"@id\":\"https:\/\/humans-first.ch\/it\/pranic-healing\/#breadcrumb\"},\"inLanguage\":\"it-IT\",\"potentialAction\":[{\"@type\":\"ReadAction\",\"target\":[\"https:\/\/humans-first.ch\/it\/pranic-healing\/\"]}]},{\"@type\":\"ImageObject\",\"inLanguage\":\"it-IT\",\"@id\":\"https:\/\/humans-first.ch\/it\/pranic-healing\/#primaryimage\",\"url\":\"https:\/\/humans-first.ch\/wp-content\/uploads\/2025\/06\/FF1.jpg\",\"contentUrl\":\"https:\/\/humans-first.ch\/wp-content\/uploads\/2025\/06\/FF1.jpg\"},{\"@type\":\"BreadcrumbList\",\"@id\":\"https:\/\/humans-first.ch\/it\/pranic-healing\/#breadcrumb\",\"itemListElement\":[{\"@type\":\"ListItem\",\"position\":1,\"name\":\"Startseite\",\"item\":\"https:\/\/humans-first.ch\/it\/\"},{\"@type\":\"ListItem\",\"position\":2,\"name\":\"Pranic Healing\u00ae\ufe0f\"}]},{\"@type\":\"WebSite\",\"@id\":\"https:\/\/humans-first.ch\/it\/#website\",\"url\":\"https:\/\/humans-first.ch\/it\/\",\"name\":\"Humans First\",\"description\":\"Pranic Healing\",\"potentialAction\":[{\"@type\":\"SearchAction\",\"target\":{\"@type\":\"EntryPoint\",\"urlTemplate\":\"https:\/\/humans-first.ch\/it\/?s={search_term_string}\"},\"query-input\":{\"@type\":\"PropertyValueSpecification\",\"valueRequired\":true,\"valueName\":\"search_term_string\"}}],\"inLanguage\":\"it-IT\"}]}<\/script>\n<!-- \/ Yoast SEO plugin. -->","yoast_head_json":{"title":"Trattamento a distanza in Svizzera e in Italia | Humans First - Piattaforma Internazionale di Pranic Healing","description":"Scopri Humans First, la tua piattaforma di riferimento per la guarigione a distanza in Svizzera e in Italia. Un miscuglio di precisione svizzera e di esperienza indiana nella guarigione pranica. Riserva online oggi!","robots":{"index":"index","follow":"follow","max-snippet":"max-snippet:-1","max-image-preview":"max-image-preview:large","max-video-preview":"max-video-preview:-1"},"canonical":"https:\/\/humans-first.ch\/it\/pranic-healing\/","og_locale":"it_IT","og_type":"article","og_title":"Trattamento a distanza in Svizzera e in Italia | Humans First - Piattaforma Internazionale di Pranic Healing","og_description":"Scopri Humans First, la tua piattaforma di riferimento per la guarigione a distanza in Svizzera e in Italia. Un miscuglio di precisione svizzera e di esperienza indiana nella guarigione pranica. Riserva online oggi!","og_url":"https:\/\/humans-first.ch\/it\/pranic-healing\/","og_site_name":"Humans First","article_modified_time":"2025-06-06T07:05:43+00:00","og_image":[{"width":1536,"height":864,"url":"https:\/\/humans-first.ch\/wp-content\/uploads\/2025\/06\/FF1.jpg","type":"image\/jpeg"}],"twitter_card":"summary_large_image","twitter_misc":{"Tempo di lettura stimato":"4 minuti"},"schema":{"@context":"https:\/\/schema.org","@graph":[{"@type":"WebPage","@id":"https:\/\/humans-first.ch\/it\/pranic-healing\/","url":"https:\/\/humans-first.ch\/it\/pranic-healing\/","name":"Trattamento a distanza in Svizzera e in Italia | Humans First - Piattaforma Internazionale di Pranic Healing","isPartOf":{"@id":"https:\/\/humans-first.ch\/it\/#website"},"primaryImageOfPage":{"@id":"https:\/\/humans-first.ch\/it\/pranic-healing\/#primaryimage"},"image":{"@id":"https:\/\/humans-first.ch\/it\/pranic-healing\/#primaryimage"},"thumbnailUrl":"https:\/\/humans-first.ch\/wp-content\/uploads\/2025\/06\/FF1.jpg","datePublished":"2025-06-06T06:53:09+00:00","dateModified":"2025-06-06T07:05:43+00:00","description":"Scopri Humans First, la tua piattaforma di riferimento per la guarigione a distanza in Svizzera e in Italia. Un miscuglio di precisione svizzera e di esperienza indiana nella guarigione pranica. Riserva online oggi!","breadcrumb":{"@id":"https:\/\/humans-first.ch\/it\/pranic-healing\/#breadcrumb"},"inLanguage":"it-IT","potentialAction":[{"@type":"ReadAction","target":["https:\/\/humans-first.ch\/it\/pranic-healing\/"]}]},{"@type":"ImageObject","inLanguage":"it-IT","@id":"https:\/\/humans-first.ch\/it\/pranic-healing\/#primaryimage","url":"https:\/\/humans-first.ch\/wp-content\/uploads\/2025\/06\/FF1.jpg","contentUrl":"https:\/\/humans-first.ch\/wp-content\/uploads\/2025\/06\/FF1.jpg"},{"@type":"BreadcrumbList","@id":"https:\/\/humans-first.ch\/it\/pranic-healing\/#breadcrumb","itemListElement":[{"@type":"ListItem","position":1,"name":"Startseite","item":"https:\/\/humans-first.ch\/it\/"},{"@type":"ListItem","position":2,"name":"Pranic Healing\u00ae\ufe0f"}]},{"@type":"WebSite","@id":"https:\/\/humans-first.ch\/it\/#website","url":"https:\/\/humans-first.ch\/it\/","name":"Humans First","description":"Pranic Healing","potentialAction":[{"@type":"SearchAction","target":{"@type":"EntryPoint","urlTemplate":"https:\/\/humans-first.ch\/it\/?s={search_term_string}"},"query-input":{"@type":"PropertyValueSpecification","valueRequired":true,"valueName":"search_term_string"}}],"inLanguage":"it-IT"}]}},"_links":{"self":[{"href":"https:\/\/humans-first.ch\/it\/wp-json\/wp\/v2\/pages\/7668","targetHints":{"allow":["GET"]}}],"collection":[{"href":"https:\/\/humans-first.ch\/it\/wp-json\/wp\/v2\/pages"}],"about":[{"href":"https:\/\/humans-first.ch\/it\/wp-json\/wp\/v2\/types\/page"}],"author":[{"embeddable":true,"href":"https:\/\/humans-first.ch\/it\/wp-json\/wp\/v2\/users\/2"}],"replies":[{"embeddable":true,"href":"https:\/\/humans-first.ch\/it\/wp-json\/wp\/v2\/comments?post=7668"}],"version-history":[{"count":0,"href":"https:\/\/humans-first.ch\/it\/wp-json\/wp\/v2\/pages\/7668\/revisions"}],"wp:attachment":[{"href":"https:\/\/humans-first.ch\/it\/wp-json\/wp\/v2\/media?parent=7668"}],"curies":[{"name":"wp","href":"https:\/\/api.w.org\/{rel}","templated":true}]}}