{"id":7587,"date":"2025-06-05T13:46:15","date_gmt":"2025-06-05T11:46:15","guid":{"rendered":"https:\/\/humans-first.ch\/?page_id=7587"},"modified":"2025-06-05T14:10:40","modified_gmt":"2025-06-05T12:10:40","slug":"pranic-healing","status":"publish","type":"page","link":"https:\/\/humans-first.ch\/fr\/pranic-healing\/","title":{"rendered":"Pranic Healing\u00ae\ufe0f"},"content":{"rendered":"\t\t<div data-elementor-type=\"wp-page\" data-elementor-id=\"7587\" class=\"elementor elementor-7587\" data-elementor-post-type=\"page\">\n\t\t\t\t\t\t<section class=\"elementor-section elementor-top-section elementor-element elementor-element-7d12254 elementor-section-height-min-height elementor-section-full_width elementor-section-height-default elementor-section-items-middle\" data-id=\"7d12254\" data-element_type=\"section\" data-settings=\"{&quot;background_background&quot;:&quot;classic&quot;,&quot;background_motion_fx_motion_fx_scrolling&quot;:&quot;yes&quot;,&quot;background_motion_fx_translateY_effect&quot;:&quot;yes&quot;,&quot;background_motion_fx_translateY_speed&quot;:{&quot;unit&quot;:&quot;px&quot;,&quot;size&quot;:10,&quot;sizes&quot;:[]},&quot;background_motion_fx_range&quot;:&quot;page&quot;,&quot;background_motion_fx_translateY_affectedRange&quot;:{&quot;unit&quot;:&quot;%&quot;,&quot;size&quot;:&quot;&quot;,&quot;sizes&quot;:{&quot;start&quot;:0,&quot;end&quot;:100}},&quot;background_motion_fx_devices&quot;:[&quot;desktop&quot;,&quot;tablet&quot;,&quot;mobile&quot;]}\">\n\t\t\t\t\t\t\t<div class=\"elementor-background-overlay\"><\/div>\n\t\t\t\t\t\t\t<div class=\"elementor-container elementor-column-gap-default\">\n\t\t\t\t\t<div class=\"elementor-column elementor-col-100 elementor-top-column elementor-element elementor-element-1dc525c elementor-hidden-desktop elementor-hidden-tablet elementor-hidden-phone\" data-id=\"1dc525c\" data-element_type=\"column\" data-settings=\"{&quot;background_background&quot;:&quot;classic&quot;}\">\n\t\t\t<div class=\"elementor-widget-wrap\">\n\t\t\t\t\t<div class=\"elementor-background-overlay\"><\/div>\n\t\t\t\t\t\t\t<\/div>\n\t\t<\/div>\n\t\t\t\t\t<\/div>\n\t\t<\/section>\n\t\t\t\t<section class=\"elementor-section elementor-top-section elementor-element elementor-element-8155178 elementor-section-boxed elementor-section-height-default elementor-section-height-default\" data-id=\"8155178\" data-element_type=\"section\">\n\t\t\t\t\t\t<div class=\"elementor-container elementor-column-gap-default\">\n\t\t\t\t\t<div class=\"elementor-column elementor-col-100 elementor-top-column elementor-element elementor-element-1c5d4a2\" data-id=\"1c5d4a2\" data-element_type=\"column\">\n\t\t\t<div class=\"elementor-widget-wrap elementor-element-populated\">\n\t\t\t\t\t\t<div class=\"elementor-element elementor-element-5142099 elementor-widget elementor-widget-text-editor\" data-id=\"5142099\" data-element_type=\"widget\" data-widget_type=\"text-editor.default\">\n\t\t\t\t<div class=\"elementor-widget-container\">\n\t\t\t\t\t\t\t\t\t<h1 style=\"color: #7a7a7a;\">Qu\u2019est-ce que le Pranic Healing\u00ae ?\ufe0f<\/h1>\n&nbsp;\n\n<p style=\"text-align: justify;\">Le Pranic Healing est rapidement devenu l&rsquo;une des th\u00e9rapies compl\u00e9mentaires les plus r\u00e9pandues dans le monde et est pr\u00e9sent dans plus de 120 pays. Elle repr\u00e9sente une avanc\u00e9e remarquable dans le domaine des m\u00e9thodes de traitements compl\u00e9mentaires scientifiquement \u00e9prouv\u00e9es. Les professionnels de la sant\u00e9, tels que les m\u00e9decins, les infirmi\u00e8res, les psychologues et les th\u00e9rapeutes compl\u00e9mentaires, associent la gu\u00e9rison pranique \u00e0 des th\u00e9rapies m\u00e9dicales et obtiennent ainsi des r\u00e9sultats \u00e9tonnants.<\/p>\n<p style=\"text-align: justify;\">La gu\u00e9rison pranique combine de mani\u00e8re unique des approches th\u00e9rapeutiques asiatiques ancestrales avec des principes scientifiques modernes et offre une nouvelle approche de traitement pour am\u00e9liorer le bien-\u00eatre physique et mental. Cette m\u00e9thode est utilis\u00e9e depuis des ann\u00e9es dans diff\u00e9rents h\u00f4pitaux et cliniques aux \u00c9tats-Unis, en Angleterre, au Chili, en Inde et dans d&rsquo;autres pays.<\/p>\n\n<p style=\"text-align: justify;\">Le Pranic Healing est sans contact et travaille sur le corps \u00e9nerg\u00e9tique de la personne dans le but d&rsquo;acc\u00e9l\u00e9rer le processus naturel d&rsquo;auto-gu\u00e9rison et de soulager les troubles et les douleurs. Cette m\u00e9thode se concentre sur l&rsquo;am\u00e9lioration du flux naturel d&rsquo;\u00e9nergie dans le corps et travaille sur l&rsquo;aura invisible et les chakras &#8211; les centres \u00e9nerg\u00e9tiques.<\/p>\n\n<p style=\"text-align: justify;\">Le Pranic Healing a \u00e9t\u00e9 d\u00e9velopp\u00e9 il y a plus de 40 ans par Ma\u00eetre Choa Kok Sui. Il \u00e9tait un homme d&rsquo;affaires prosp\u00e8re, p\u00e8re de quatre enfants et le fondateur, entre autres, du Pranic Healing moderne. Ce pr\u00e9cieux savoir est enseign\u00e9 dans le monde entier, y compris en <a href=\"https:\/\/humans-first.ch\/fr\/pranic-healing-la-cle-dune-relation-plus-harmonieuse\/\"><strong>Pranic Healing en Suisse<\/strong><\/a>, et a d\u00e9j\u00e0 pu aider des milliers de personnes.<\/p>\n<\/br>\n<p style=\"text-align: justify;\"><strong>Pourquoi choisir les traitements de Pranic Healing en Suisse avec nous ?<\/strong><\/p>\n<ul>\n<li style=\"text-align: left;\">Des soins sur mesure : nos Pranic Healers exp\u00e9riment\u00e9s adaptent les traitements \u00e0 vos besoins sp\u00e9cifiques, \u00e0 vos troubles. Nous utilisons des protocoles de traitement qui ont \u00e9t\u00e9 test\u00e9s \u00e0 de nombreuses reprises.<\/li>\n<li style=\"text-align: left;\">Booster d&rsquo;\u00e9nergie : faites l&rsquo;exp\u00e9rience d&rsquo;un regain d&rsquo;\u00e9nergie qui augmente la vitalit\u00e9 g\u00e9n\u00e9rale, acc\u00e9l\u00e8re la r\u00e9g\u00e9n\u00e9ration et la gu\u00e9rison.<\/li>\n<li style=\"text-align: left;\">Approche holistique : le Pranic Healing s&rsquo;occupe simultan\u00e9ment des aspects physiques, \u00e9motionnels et mentaux. En les harmonisant, on cr\u00e9e une base solide pour la gu\u00e9rison, qui peut avoir lieu parall\u00e8lement aux traitements m\u00e9dicaux.<\/li>\n<li style=\"text-align: left;\">Un partenaire exp\u00e9riment\u00e9 : nous sommes un partenaire fiable pour le <strong>Pranic Healing en Suisse<\/strong> depuis pr\u00e8s de 10 ans. Rien qu&rsquo;en Suisse, notre \u00e9quipe apporte plus de 50 ans d&rsquo;exp\u00e9rience dans les traitements de Pranic Healing. En Inde, nous avons une \u00e9quipe de th\u00e9rapeutes qui traitent de nombreux clients chaque jour. La plupart de ces th\u00e9rapeutes enseignent le Pranic Healing sur place, en Inde.<\/li>\n<\/ul>\n<p style=\"text-align: center;\"><strong>Nous traitons notamment dans les domaines suivants :<\/strong><\/p>\t\t\t\t\t\t\t\t<\/div>\n\t\t\t\t<\/div>\n\t\t\t\t\t<\/div>\n\t\t<\/div>\n\t\t\t\t\t<\/div>\n\t\t<\/section>\n\t\t\t\t<section class=\"elementor-section elementor-top-section elementor-element elementor-element-d69cd05 elementor-section-boxed elementor-section-height-default elementor-section-height-default\" data-id=\"d69cd05\" data-element_type=\"section\">\n\t\t\t\t\t\t<div class=\"elementor-container elementor-column-gap-default\">\n\t\t\t\t\t<div class=\"elementor-column elementor-col-50 elementor-top-column elementor-element elementor-element-b054bda\" data-id=\"b054bda\" data-element_type=\"column\" data-settings=\"{&quot;background_background&quot;:&quot;classic&quot;}\">\n\t\t\t<div class=\"elementor-widget-wrap elementor-element-populated\">\n\t\t\t\t\t\t<div class=\"elementor-element elementor-element-f429492 elementor-widget elementor-widget-image\" data-id=\"f429492\" data-element_type=\"widget\" data-widget_type=\"image.default\">\n\t\t\t\t<div class=\"elementor-widget-container\">\n\t\t\t\t\t\t\t\t\t\t\t\t\t\t\t<img fetchpriority=\"high\" decoding=\"async\" width=\"1536\" height=\"864\" src=\"https:\/\/humans-first.ch\/wp-content\/uploads\/2025\/06\/FF1.jpg\" class=\"attachment-full size-full wp-image-7608\" alt=\"\" srcset=\"https:\/\/humans-first.ch\/wp-content\/uploads\/2025\/06\/FF1.jpg 1536w, https:\/\/humans-first.ch\/wp-content\/uploads\/2025\/06\/FF1-300x169.jpg 300w, https:\/\/humans-first.ch\/wp-content\/uploads\/2025\/06\/FF1-1024x576.jpg 1024w, https:\/\/humans-first.ch\/wp-content\/uploads\/2025\/06\/FF1-768x432.jpg 768w\" sizes=\"(max-width: 1536px) 100vw, 1536px\" style=\"width:100%;height:56.25%;max-width:1536px\" \/>\t\t\t\t\t\t\t\t\t\t\t\t\t\t\t<\/div>\n\t\t\t\t<\/div>\n\t\t\t\t<div class=\"elementor-element elementor-element-13ed94a elementor-widget elementor-widget-text-editor\" data-id=\"13ed94a\" data-element_type=\"widget\" data-widget_type=\"text-editor.default\">\n\t\t\t\t<div class=\"elementor-widget-container\">\n\t\t\t\t\t\t\t\t\t<p style=\"text-align: justify;\"><strong>Troubles physiques :<\/strong><\/p>\n\n<ul>\n \t<li style=\"text-align: left;\">Maladies respiratoires : toux et toux chronique, bronchite, pneumonie, asthme et bien d\u2019autres.<\/li>\n \t<li style=\"text-align: left;\">Maladies du sang : par exemple, an\u00e9mie<\/li>\n \t<li style=\"text-align: left;\">Maladies des organes reproducteurs : r\u00e8gles douloureuses, troubles du cycle menstruel, kystes ovariens, troubles de la prostate, etc.<\/li>\n \t<li style=\"text-align: left;\">Maladies du syst\u00e8me endocrinien : le diab\u00e8te par exemple.<\/li>\n \t<li style=\"text-align: left;\">Maladies du cerveau et du syst\u00e8me nerveux : Parkinson, Alzheimer, scl\u00e9rose en plaques, etc.<\/li>\n \t<li style=\"text-align: left;\">Maladies du syst\u00e8me musculo-squelettique : par ex. hernie discale, sciatique, tennis elbow, blessures sportives telles que fractures, d\u00e9chirures de tendons, entorses, etc.<\/li>\n \t<li style=\"text-align: left;\">Maladies de l\u2019appareil digestif : constipation, diarrh\u00e9e, h\u00e9morro\u00efdes, etc.<\/li>\n \t<li style=\"text-align: left;\">Maladies de la gorge, du nez et des oreilles : d\u00e9g\u00e9n\u00e9rescence maculaire, conjonctivite, otite, acouph\u00e8nes, inflammation de la gorge, etc.<\/li>\n \t<li style=\"text-align: left;\">Maladies des voies urinaires : cystite, calculs r\u00e9naux, etc.<\/li>\n \t<li style=\"text-align: left;\">Maladies de la peau : ecz\u00e9ma, acn\u00e9, psoriasis, allergies cutan\u00e9es, etc.<\/li>\n \t<li style=\"text-align: left;\">Maladies cardiovasculaires : hypertension, maladies des art\u00e8res coronaires, s\u00e9quelles d\u2019un accident vasculaire c\u00e9r\u00e9bral, etc.<\/li>\n \t<li style=\"text-align: left;\">Immunit\u00e9 et syst\u00e8me de d\u00e9fense de l\u2019organisme : par exemple, traitement de diverses infections virales ou bact\u00e9riennes<\/li>\n \t<li style=\"text-align: left;\">Cancer : soutien d\u2019accompagnement pendant la chimioth\u00e9rapie ou la radioth\u00e9rapie, m\u00e9lanome, diff\u00e9rents troubles canc\u00e9reux comme le cancer du sein, le cancer des ganglions lymphatiques, le cancer du poumon, etc.<\/li>\n<\/ul>\t\t\t\t\t\t\t\t<\/div>\n\t\t\t\t<\/div>\n\t\t\t\t\t<\/div>\n\t\t<\/div>\n\t\t\t\t<div class=\"elementor-column elementor-col-50 elementor-top-column elementor-element elementor-element-cff0d25\" data-id=\"cff0d25\" data-element_type=\"column\" data-settings=\"{&quot;background_background&quot;:&quot;classic&quot;}\">\n\t\t\t<div class=\"elementor-widget-wrap elementor-element-populated\">\n\t\t\t\t\t\t<div class=\"elementor-element elementor-element-d34ebc1 elementor-widget elementor-widget-image\" data-id=\"d34ebc1\" data-element_type=\"widget\" data-widget_type=\"image.default\">\n\t\t\t\t<div class=\"elementor-widget-container\">\n\t\t\t\t\t\t\t\t\t\t\t\t\t\t\t<img decoding=\"async\" width=\"1536\" height=\"864\" src=\"https:\/\/humans-first.ch\/wp-content\/uploads\/2025\/06\/GTT.jpg\" class=\"attachment-full size-full wp-image-7612\" alt=\"\" srcset=\"https:\/\/humans-first.ch\/wp-content\/uploads\/2025\/06\/GTT.jpg 1536w, https:\/\/humans-first.ch\/wp-content\/uploads\/2025\/06\/GTT-300x169.jpg 300w, https:\/\/humans-first.ch\/wp-content\/uploads\/2025\/06\/GTT-1024x576.jpg 1024w, https:\/\/humans-first.ch\/wp-content\/uploads\/2025\/06\/GTT-768x432.jpg 768w\" sizes=\"(max-width: 1536px) 100vw, 1536px\" style=\"width:100%;height:56.25%;max-width:1536px\" \/>\t\t\t\t\t\t\t\t\t\t\t\t\t\t\t<\/div>\n\t\t\t\t<\/div>\n\t\t\t\t<div class=\"elementor-element elementor-element-1a1f160 elementor-widget elementor-widget-text-editor\" data-id=\"1a1f160\" data-element_type=\"widget\" data-widget_type=\"text-editor.default\">\n\t\t\t\t<div class=\"elementor-widget-container\">\n\t\t\t\t\t\t\t\t\t<p style=\"text-align: justify;\"><strong>Troubles \u00e9motionnels et mentaux :<\/strong><\/p>\n\n<ul>\n \t<li style=\"text-align: left;\">Anxi\u00e9t\u00e9 et phobies : peur des examens, peur du vide, etc.<\/li>\n \t<li style=\"text-align: left;\">Troubles du spectre autistique<\/li>\n \t<li style=\"text-align: left;\">Borderline<\/li>\n \t<li style=\"text-align: left;\">Difficult\u00e9s de concentration, ADS, ADHS<\/li>\n \t<li style=\"text-align: left;\">Nervosit\u00e9 et insomnie<\/li>\n \t<li style=\"text-align: left;\">Stress, burnout : \u00e9tat d\u2019\u00e9puisement physique et mental<\/li>\n \t<li style=\"text-align: left;\">et bien d\u2019autres choses encore.<\/li>\n<\/ul>\t\t\t\t\t\t\t\t<\/div>\n\t\t\t\t<\/div>\n\t\t\t\t\t<\/div>\n\t\t<\/div>\n\t\t\t\t\t<\/div>\n\t\t<\/section>\n\t\t\t\t<section class=\"elementor-section elementor-top-section elementor-element elementor-element-b977bb4 elementor-section-boxed elementor-section-height-default elementor-section-height-default\" data-id=\"b977bb4\" data-element_type=\"section\">\n\t\t\t\t\t\t<div class=\"elementor-container elementor-column-gap-default\">\n\t\t\t\t\t<div class=\"elementor-column elementor-col-100 elementor-top-column elementor-element elementor-element-59d19c6\" data-id=\"59d19c6\" data-element_type=\"column\">\n\t\t\t<div class=\"elementor-widget-wrap elementor-element-populated\">\n\t\t\t\t\t\t<div class=\"elementor-element elementor-element-26cb278 elementor-widget elementor-widget-text-editor\" data-id=\"26cb278\" data-element_type=\"widget\" data-widget_type=\"text-editor.default\">\n\t\t\t\t<div class=\"elementor-widget-container\">\n\t\t\t\t\t\t\t\t\t<strong>R\u00e9f\u00e9rences et \u00e9tudes :<\/strong>\n<br\/>\n<a href=\"https:\/\/www.pranichealingresearch.com\/\">Institut de recherche sur la gu\u00e9rison pranique<\/a>\n<br\/>\n<a href=\"https:\/\/qpps.org\/studies\/\">\u00c9tudes &#8211; \u00c9tudes de prana en physique quantique (QPPS)<\/a>\n<br\/>\n<a href=\"https:\/\/www.frontiersin.org\/journals\/psychology\/articles\/10.3389\/fpsyg.2019.00647\/full\">Limites | Une m\u00e9ditation positive bas\u00e9e sur les \u00e9motions, mais pas une m\u00e9ditation bas\u00e9e sur la pleine conscience, am\u00e9liore la r\u00e9gulation des \u00e9motions (frontiersin.org)<\/a>\t\t\t\t\t\t\t\t<\/div>\n\t\t\t\t<\/div>\n\t\t\t\t\t<\/div>\n\t\t<\/div>\n\t\t\t\t\t<\/div>\n\t\t<\/section>\n\t\t\t\t<section class=\"elementor-section elementor-top-section elementor-element elementor-element-c1955ba elementor-section-height-min-height elementor-section-full_width elementor-section-height-default elementor-section-items-middle\" data-id=\"c1955ba\" data-element_type=\"section\" data-settings=\"{&quot;background_background&quot;:&quot;classic&quot;,&quot;background_motion_fx_motion_fx_scrolling&quot;:&quot;yes&quot;,&quot;background_motion_fx_translateY_effect&quot;:&quot;yes&quot;,&quot;background_motion_fx_translateY_speed&quot;:{&quot;unit&quot;:&quot;px&quot;,&quot;size&quot;:10,&quot;sizes&quot;:[]},&quot;background_motion_fx_translateY_affectedRange&quot;:{&quot;unit&quot;:&quot;%&quot;,&quot;size&quot;:&quot;&quot;,&quot;sizes&quot;:{&quot;start&quot;:0,&quot;end&quot;:100}},&quot;background_motion_fx_devices&quot;:[&quot;desktop&quot;,&quot;tablet&quot;,&quot;mobile&quot;]}\">\n\t\t\t\t\t\t\t<div class=\"elementor-background-overlay\"><\/div>\n\t\t\t\t\t\t\t<div class=\"elementor-container elementor-column-gap-default\">\n\t\t\t\t\t<div class=\"elementor-column elementor-col-100 elementor-top-column elementor-element elementor-element-2ebdcfb elementor-hidden-desktop elementor-hidden-tablet elementor-hidden-phone\" data-id=\"2ebdcfb\" data-element_type=\"column\" data-settings=\"{&quot;background_background&quot;:&quot;classic&quot;}\">\n\t\t\t<div class=\"elementor-widget-wrap\">\n\t\t\t\t\t<div class=\"elementor-background-overlay\"><\/div>\n\t\t\t\t\t\t\t<\/div>\n\t\t<\/div>\n\t\t\t\t\t<\/div>\n\t\t<\/section>\n\t\t\t\t<\/div>\n\t\t","protected":false},"excerpt":{"rendered":"<p>Qu\u2019est-ce que le Pranic Healing\u00ae ?\ufe0f &nbsp; Le Pranic Healing est rapidement devenu l&rsquo;une des th\u00e9rapies compl\u00e9mentaires les plus r\u00e9pandues dans le monde et est pr\u00e9sent dans plus de 120 pays. Elle repr\u00e9sente une avanc\u00e9e remarquable dans le domaine des m\u00e9thodes de traitements compl\u00e9mentaires scientifiquement \u00e9prouv\u00e9es. Les professionnels de la sant\u00e9, tels que les m\u00e9decins,&hellip; <a class=\"more-link\" href=\"https:\/\/humans-first.ch\/fr\/pranic-healing\/\">Poursuivre la lecture <span class=\"screen-reader-text\">Pranic Healing\u00ae\ufe0f<\/span><\/a><\/p>\n","protected":false},"author":2,"featured_media":0,"parent":0,"menu_order":0,"comment_status":"closed","ping_status":"closed","template":"elementor_header_footer","meta":{"footnotes":""},"class_list":["post-7587","page","type-page","status-publish","hentry","entry"],"yoast_head":"<!-- This site is optimized with the Yoast SEO plugin v26.8 - https:\/\/yoast.com\/product\/yoast-seo-wordpress\/ -->\n<title>Traitement \u00e0 distance en Suisse | Humans First - Plateforme internationale de gu\u00e9rison pranique\/ Pranic Healing<\/title>\n<meta name=\"description\" content=\"D\u00e9couvrez Humans First, votre plateforme de gu\u00e9rison \u00e0 distance en Suisse. Un m\u00e9lange de pr\u00e9cision suisse et d&#039;expertise indienne en mati\u00e8re de soins de Pranic Healing. R\u00e9servez en ligne maintenant !\" \/>\n<meta name=\"robots\" content=\"index, follow, max-snippet:-1, max-image-preview:large, max-video-preview:-1\" \/>\n<link rel=\"canonical\" href=\"https:\/\/humans-first.ch\/fr\/pranic-healing\/\" \/>\n<meta property=\"og:locale\" content=\"fr_FR\" \/>\n<meta property=\"og:type\" content=\"article\" \/>\n<meta property=\"og:title\" content=\"Traitement \u00e0 distance en Suisse | Humans First - Plateforme internationale de gu\u00e9rison pranique\/ Pranic Healing\" \/>\n<meta property=\"og:description\" content=\"D\u00e9couvrez Humans First, votre plateforme de gu\u00e9rison \u00e0 distance en Suisse. Un m\u00e9lange de pr\u00e9cision suisse et d&#039;expertise indienne en mati\u00e8re de soins de Pranic Healing. R\u00e9servez en ligne maintenant !\" \/>\n<meta property=\"og:url\" content=\"https:\/\/humans-first.ch\/fr\/pranic-healing\/\" \/>\n<meta property=\"og:site_name\" content=\"Humans First\" \/>\n<meta property=\"article:modified_time\" content=\"2025-06-05T12:10:40+00:00\" \/>\n<meta property=\"og:image\" content=\"https:\/\/humans-first.ch\/wp-content\/uploads\/2025\/06\/FF1.jpg\" \/>\n\t<meta property=\"og:image:width\" content=\"1536\" \/>\n\t<meta property=\"og:image:height\" content=\"864\" \/>\n\t<meta property=\"og:image:type\" content=\"image\/jpeg\" \/>\n<meta name=\"twitter:card\" content=\"summary_large_image\" \/>\n<meta name=\"twitter:label1\" content=\"Dur\u00e9e de lecture estim\u00e9e\" \/>\n\t<meta name=\"twitter:data1\" content=\"4 minutes\" \/>\n<script type=\"application\/ld+json\" class=\"yoast-schema-graph\">{\"@context\":\"https:\/\/schema.org\",\"@graph\":[{\"@type\":\"WebPage\",\"@id\":\"https:\/\/humans-first.ch\/fr\/pranic-healing\/\",\"url\":\"https:\/\/humans-first.ch\/fr\/pranic-healing\/\",\"name\":\"Traitement \u00e0 distance en Suisse | Humans First - Plateforme internationale de gu\u00e9rison pranique\/ Pranic Healing\",\"isPartOf\":{\"@id\":\"https:\/\/humans-first.ch\/fr\/#website\"},\"primaryImageOfPage\":{\"@id\":\"https:\/\/humans-first.ch\/fr\/pranic-healing\/#primaryimage\"},\"image\":{\"@id\":\"https:\/\/humans-first.ch\/fr\/pranic-healing\/#primaryimage\"},\"thumbnailUrl\":\"https:\/\/humans-first.ch\/wp-content\/uploads\/2025\/06\/FF1.jpg\",\"datePublished\":\"2025-06-05T11:46:15+00:00\",\"dateModified\":\"2025-06-05T12:10:40+00:00\",\"description\":\"D\u00e9couvrez Humans First, votre plateforme de gu\u00e9rison \u00e0 distance en Suisse. Un m\u00e9lange de pr\u00e9cision suisse et d'expertise indienne en mati\u00e8re de soins de Pranic Healing. R\u00e9servez en ligne maintenant !\",\"breadcrumb\":{\"@id\":\"https:\/\/humans-first.ch\/fr\/pranic-healing\/#breadcrumb\"},\"inLanguage\":\"fr-FR\",\"potentialAction\":[{\"@type\":\"ReadAction\",\"target\":[\"https:\/\/humans-first.ch\/fr\/pranic-healing\/\"]}]},{\"@type\":\"ImageObject\",\"inLanguage\":\"fr-FR\",\"@id\":\"https:\/\/humans-first.ch\/fr\/pranic-healing\/#primaryimage\",\"url\":\"https:\/\/humans-first.ch\/wp-content\/uploads\/2025\/06\/FF1.jpg\",\"contentUrl\":\"https:\/\/humans-first.ch\/wp-content\/uploads\/2025\/06\/FF1.jpg\"},{\"@type\":\"BreadcrumbList\",\"@id\":\"https:\/\/humans-first.ch\/fr\/pranic-healing\/#breadcrumb\",\"itemListElement\":[{\"@type\":\"ListItem\",\"position\":1,\"name\":\"Startseite\",\"item\":\"https:\/\/humans-first.ch\/fr\/\"},{\"@type\":\"ListItem\",\"position\":2,\"name\":\"Pranic Healing\u00ae\ufe0f\"}]},{\"@type\":\"WebSite\",\"@id\":\"https:\/\/humans-first.ch\/fr\/#website\",\"url\":\"https:\/\/humans-first.ch\/fr\/\",\"name\":\"Humans First\",\"description\":\"Pranic Healing\",\"potentialAction\":[{\"@type\":\"SearchAction\",\"target\":{\"@type\":\"EntryPoint\",\"urlTemplate\":\"https:\/\/humans-first.ch\/fr\/?s={search_term_string}\"},\"query-input\":{\"@type\":\"PropertyValueSpecification\",\"valueRequired\":true,\"valueName\":\"search_term_string\"}}],\"inLanguage\":\"fr-FR\"}]}<\/script>\n<!-- \/ Yoast SEO plugin. -->","yoast_head_json":{"title":"Traitement \u00e0 distance en Suisse | Humans First - Plateforme internationale de gu\u00e9rison pranique\/ Pranic Healing","description":"D\u00e9couvrez Humans First, votre plateforme de gu\u00e9rison \u00e0 distance en Suisse. Un m\u00e9lange de pr\u00e9cision suisse et d'expertise indienne en mati\u00e8re de soins de Pranic Healing. R\u00e9servez en ligne maintenant !","robots":{"index":"index","follow":"follow","max-snippet":"max-snippet:-1","max-image-preview":"max-image-preview:large","max-video-preview":"max-video-preview:-1"},"canonical":"https:\/\/humans-first.ch\/fr\/pranic-healing\/","og_locale":"fr_FR","og_type":"article","og_title":"Traitement \u00e0 distance en Suisse | Humans First - Plateforme internationale de gu\u00e9rison pranique\/ Pranic Healing","og_description":"D\u00e9couvrez Humans First, votre plateforme de gu\u00e9rison \u00e0 distance en Suisse. Un m\u00e9lange de pr\u00e9cision suisse et d'expertise indienne en mati\u00e8re de soins de Pranic Healing. R\u00e9servez en ligne maintenant !","og_url":"https:\/\/humans-first.ch\/fr\/pranic-healing\/","og_site_name":"Humans First","article_modified_time":"2025-06-05T12:10:40+00:00","og_image":[{"width":1536,"height":864,"url":"https:\/\/humans-first.ch\/wp-content\/uploads\/2025\/06\/FF1.jpg","type":"image\/jpeg"}],"twitter_card":"summary_large_image","twitter_misc":{"Dur\u00e9e de lecture estim\u00e9e":"4 minutes"},"schema":{"@context":"https:\/\/schema.org","@graph":[{"@type":"WebPage","@id":"https:\/\/humans-first.ch\/fr\/pranic-healing\/","url":"https:\/\/humans-first.ch\/fr\/pranic-healing\/","name":"Traitement \u00e0 distance en Suisse | Humans First - Plateforme internationale de gu\u00e9rison pranique\/ Pranic Healing","isPartOf":{"@id":"https:\/\/humans-first.ch\/fr\/#website"},"primaryImageOfPage":{"@id":"https:\/\/humans-first.ch\/fr\/pranic-healing\/#primaryimage"},"image":{"@id":"https:\/\/humans-first.ch\/fr\/pranic-healing\/#primaryimage"},"thumbnailUrl":"https:\/\/humans-first.ch\/wp-content\/uploads\/2025\/06\/FF1.jpg","datePublished":"2025-06-05T11:46:15+00:00","dateModified":"2025-06-05T12:10:40+00:00","description":"D\u00e9couvrez Humans First, votre plateforme de gu\u00e9rison \u00e0 distance en Suisse. Un m\u00e9lange de pr\u00e9cision suisse et d'expertise indienne en mati\u00e8re de soins de Pranic Healing. R\u00e9servez en ligne maintenant !","breadcrumb":{"@id":"https:\/\/humans-first.ch\/fr\/pranic-healing\/#breadcrumb"},"inLanguage":"fr-FR","potentialAction":[{"@type":"ReadAction","target":["https:\/\/humans-first.ch\/fr\/pranic-healing\/"]}]},{"@type":"ImageObject","inLanguage":"fr-FR","@id":"https:\/\/humans-first.ch\/fr\/pranic-healing\/#primaryimage","url":"https:\/\/humans-first.ch\/wp-content\/uploads\/2025\/06\/FF1.jpg","contentUrl":"https:\/\/humans-first.ch\/wp-content\/uploads\/2025\/06\/FF1.jpg"},{"@type":"BreadcrumbList","@id":"https:\/\/humans-first.ch\/fr\/pranic-healing\/#breadcrumb","itemListElement":[{"@type":"ListItem","position":1,"name":"Startseite","item":"https:\/\/humans-first.ch\/fr\/"},{"@type":"ListItem","position":2,"name":"Pranic Healing\u00ae\ufe0f"}]},{"@type":"WebSite","@id":"https:\/\/humans-first.ch\/fr\/#website","url":"https:\/\/humans-first.ch\/fr\/","name":"Humans First","description":"Pranic Healing","potentialAction":[{"@type":"SearchAction","target":{"@type":"EntryPoint","urlTemplate":"https:\/\/humans-first.ch\/fr\/?s={search_term_string}"},"query-input":{"@type":"PropertyValueSpecification","valueRequired":true,"valueName":"search_term_string"}}],"inLanguage":"fr-FR"}]}},"_links":{"self":[{"href":"https:\/\/humans-first.ch\/fr\/wp-json\/wp\/v2\/pages\/7587","targetHints":{"allow":["GET"]}}],"collection":[{"href":"https:\/\/humans-first.ch\/fr\/wp-json\/wp\/v2\/pages"}],"about":[{"href":"https:\/\/humans-first.ch\/fr\/wp-json\/wp\/v2\/types\/page"}],"author":[{"embeddable":true,"href":"https:\/\/humans-first.ch\/fr\/wp-json\/wp\/v2\/users\/2"}],"replies":[{"embeddable":true,"href":"https:\/\/humans-first.ch\/fr\/wp-json\/wp\/v2\/comments?post=7587"}],"version-history":[{"count":0,"href":"https:\/\/humans-first.ch\/fr\/wp-json\/wp\/v2\/pages\/7587\/revisions"}],"wp:attachment":[{"href":"https:\/\/humans-first.ch\/fr\/wp-json\/wp\/v2\/media?parent=7587"}],"curies":[{"name":"wp","href":"https:\/\/api.w.org\/{rel}","templated":true}]}}